{"id":25778,"date":"2022-01-05T10:51:28","date_gmt":"2022-01-05T16:51:28","guid":{"rendered":"https:\/\/intrepides.burntarrowmedia.com\/gallery\/"},"modified":"2024-02-02T16:57:21","modified_gmt":"2024-02-02T22:57:21","slug":"gallery","status":"publish","type":"page","link":"https:\/\/choraledesintrepides.ca\/en\/gallery\/","title":{"rendered":"Gallery"},"content":{"rendered":"<p>[et_pb_section fb_built=&#8221;1&#8243; admin_label=&#8221;section&#8221; _builder_version=&#8221;4.16&#8243; global_colors_info=&#8221;{}&#8221;][et_pb_row column_structure=&#8221;1_3,2_3&#8243; admin_label=&#8221;row&#8221; _builder_version=&#8221;4.16&#8243; background_size=&#8221;initial&#8221; background_position=&#8221;top_left&#8221; background_repeat=&#8221;repeat&#8221; global_colors_info=&#8221;{}&#8221;][et_pb_column type=&#8221;1_3&#8243; _builder_version=&#8221;4.16&#8243; custom_padding=&#8221;|||&#8221; global_colors_info=&#8221;{}&#8221; custom_padding__hover=&#8221;|||&#8221;][et_pb_text _builder_version=&#8221;4.17.4&#8243; _module_preset=&#8221;default&#8221; header_4_font=&#8221;Poppins|700|||||||&#8221; header_4_text_align=&#8221;center&#8221; global_colors_info=&#8221;{}&#8221;]<\/p>\n<h4>Guantanamera<\/h4>\n<p>[\/et_pb_text][et_pb_video src=&#8221;https:\/\/youtu.be\/4AzLUpTaHFQ&#8221; _builder_version=&#8221;4.17.6&#8243; _module_preset=&#8221;default&#8221; global_colors_info=&#8221;{}&#8221;][\/et_pb_video][et_pb_divider color=&#8221;#2F5475&#8243; _builder_version=&#8221;4.16&#8243; _module_preset=&#8221;default&#8221; global_colors_info=&#8221;{}&#8221;][\/et_pb_divider][et_pb_text _builder_version=&#8221;4.17.4&#8243; _module_preset=&#8221;default&#8221; header_4_font=&#8221;Poppins|700|||||||&#8221; header_4_text_align=&#8221;center&#8221; global_colors_info=&#8221;{}&#8221;]<\/p>\n<h4>Cantate Domino<\/h4>\n<p>[\/et_pb_text][et_pb_video src=&#8221;https:\/\/youtu.be\/QBUYA67vExY&#8221; _builder_version=&#8221;4.17.6&#8243; _module_preset=&#8221;default&#8221; global_colors_info=&#8221;{}&#8221;][\/et_pb_video][et_pb_divider color=&#8221;#2F5475&#8243; _builder_version=&#8221;4.16&#8243; _module_preset=&#8221;default&#8221; global_colors_info=&#8221;{}&#8221;][\/et_pb_divider][et_pb_text _builder_version=&#8221;4.17.4&#8243; _module_preset=&#8221;default&#8221; header_4_font=&#8221;Poppins|700|||||||&#8221; header_4_text_align=&#8221;center&#8221; global_colors_info=&#8221;{}&#8221;]<\/p>\n<h4>Marianne<\/h4>\n<p>[\/et_pb_text][et_pb_video src=&#8221;https:\/\/youtu.be\/zEVyusbxug8&#8243; _builder_version=&#8221;4.17.6&#8243; _module_preset=&#8221;default&#8221; global_colors_info=&#8221;{}&#8221;][\/et_pb_video][et_pb_divider color=&#8221;#2F5475&#8243; _builder_version=&#8221;4.16&#8243; _module_preset=&#8221;default&#8221; global_colors_info=&#8221;{}&#8221;][\/et_pb_divider][et_pb_text _builder_version=&#8221;4.16&#8243; _module_preset=&#8221;default&#8221; header_4_font=&#8221;Poppins|700|||||||&#8221; header_4_text_align=&#8221;center&#8221; global_colors_info=&#8221;{}&#8221;]<\/p>\n<h4>The choirs &#8220;les Intr\u00e9pides&#8221; and &#8220;Les Petits intr\u00e9pides&#8221; in action<\/h4>\n<p>[\/et_pb_text][et_pb_video src=&#8221;https:\/\/youtu.be\/0dS8sYjBIlw&#8221; _builder_version=&#8221;4.17.6&#8243; _module_preset=&#8221;default&#8221; global_colors_info=&#8221;{}&#8221;][\/et_pb_video][et_pb_divider color=&#8221;#2F5475&#8243; _builder_version=&#8221;4.16&#8243; _module_preset=&#8221;default&#8221; global_colors_info=&#8221;{}&#8221;][\/et_pb_divider][et_pb_text _builder_version=&#8221;4.16&#8243; _module_preset=&#8221;default&#8221; header_4_font=&#8221;Poppins|700|||||||&#8221; header_4_text_align=&#8221;center&#8221; global_colors_info=&#8221;{}&#8221;]<\/p>\n<h4>Concert de No\u00ebl de l&#8217;Alliance chorale Manitoba<\/h4>\n<p>[\/et_pb_text][et_pb_video src=&#8221;https:\/\/youtu.be\/czDZ06hqadk&#8221; _builder_version=&#8221;4.16&#8243; _module_preset=&#8221;default&#8221; global_colors_info=&#8221;{}&#8221;][\/et_pb_video][\/et_pb_column][et_pb_column type=&#8221;2_3&#8243; _builder_version=&#8221;4.16&#8243; custom_padding=&#8221;|||&#8221; global_colors_info=&#8221;{}&#8221; custom_padding__hover=&#8221;|||&#8221;][el_dynamic_masonry_gallery include_categories=&#8221;41,40,61,62,63,64,65,66&#8243; number_of_columns=&#8221;3&#8243; image_size=&#8221;full&#8221; enable_filterable_gallery=&#8221;on&#8221; show_caption=&#8221;on&#8221; enable_lightbox=&#8221;on&#8221; _builder_version=&#8221;4.24.0&#8243; _module_preset=&#8221;default&#8221; hover_enabled=&#8221;0&#8243; global_colors_info=&#8221;{}&#8221; sticky_enabled=&#8221;0&#8243;][\/el_dynamic_masonry_gallery][\/et_pb_column][\/et_pb_row][\/et_pb_section]<\/p>\n","protected":false},"excerpt":{"rendered":"<p>GuantanameraCantate DominoMarianneThe choirs &#8220;les Intr\u00e9pides&#8221; and &#8220;Les Petits intr\u00e9pides&#8221; in actionConcert de No\u00ebl de l&#8217;Alliance chorale Manitoba<div class=\"et_pb_module el_dynamic_masonry_gallery el_dynamic_masonry_gallery_0\">\n\t\t\t\t\n\t\t\t\t\n\t\t\t\t\n\t\t\t\t\n\t\t\t\t\n\t\t\t\t\n\t\t\t\t<div class=\"et_pb_module_inner\">\n\t\t\t\t\t<div class=\"el_masonry_gallery_wrapper\"data-lightbox_effect=\"none\" data-enable_navigation=\"on\" data-isotope_transition_duration=\"400\" data-number_of_images=\"20\" data-offset_number=\"0\" data-gallery_order_by=\"date\" data-gallery_order=\"DESC\" data-include_categories=\"41,40,61,62,63,64,65,66\" data-image_size=\"full\" data-link_target=\"off\" data-enable_overlay=\"off\" data-show_title=\"off\" data-show_caption=\"on\" data-title_area=\"lightbox\" data-caption_area=\"lightbox\" data-title_level=\"h4\" data-total_pages=\"6\"\n\t\t\t\t data-overlay_icon=\"\"\n\t\t\t\t data-zoom_icon=\"&#xf00e;\"\n\t\t\t\t data-link_icon=\"&#xf0c1;\"\n\t\t\t\t data-click_trigger=\"on\"\n\t\t\t\t data-total_images=\"116\"\n\t\t\t\t data-load_page=\"2\"><div class=\"el_masonry_gallery_filter_wrapper\">\n\t\t\t\t\t\t\t<ul class=\"el_masonry_gallery_filter_categories\"><li class=\"el_masonry_gallery_active_category\" data-category=\"\">All<\/li><li data-category=\"61\" class=\"\">Bo\u00eete \u00e0 chansons 2018<\/li><li data-category=\"62\" class=\"\">CA 2017-18<\/li><li data-category=\"63\" class=\"\">Concert Noe\u0308l Alliance chorale 2018<\/li><li data-category=\"64\" class=\"\">Concert printanier 2017<\/li><li data-category=\"65\" class=\"\">Concert printanier anniversaire 23 avril 2023<\/li><li data-category=\"41\" class=\"\">Les Intr\u00e9pides<\/li><li data-category=\"40\" class=\"\">Les Petits Intr\u00e9pides<\/li><li data-category=\"66\" class=\"\">Photos party de No\u00ebl 2023<\/li><\/ul>\n\t\t\t\t\t\t<\/div>\n\t\t\t\t\t<div class=\"el_dynamic_masonry_gallery_module__inner\">\n\t\t\t\t\t\t<div class=\"el_masonry_gallery_item_gutter\"><\/div>\n\t\t\t\t\t\t<div data-mfp-src=\"https:\/\/choraledesintrepides.ca\/wp-content\/uploads\/2024\/02\/IMG_8314.jpg\" class=\"el_masonry_gallery_item el_masonry_gallery_item_page_1\">\n\t\t\t\t\t\t\t<div class=\"el_masonry_gallery_image_wrapper\"><img width=\"640\" height=\"480\" src=\"https:\/\/choraledesintrepides.ca\/wp-content\/uploads\/2024\/02\/IMG_8314.jpg\" class=\"el_dynamic_masonry_gallery_module__image attachment-full size-full no-lazyload skip-lazy photos-party-de-noel-2023\" alt=\"\" data-categories=\"66\" decoding=\"async\" loading=\"lazy\" srcset=\"https:\/\/choraledesintrepides.ca\/wp-content\/uploads\/2024\/02\/IMG_8314.jpg 640w, https:\/\/choraledesintrepides.ca\/wp-content\/uploads\/2024\/02\/IMG_8314-480x360.jpg 480w\" sizes=\"(min-width: 0px) and (max-width: 480px) 480px, (min-width: 481px) 640px, 100vw\" \/> <\/div>\n\t\t\t\t\t\t\t\n\t\t\t\t\t\t<\/div><div data-mfp-src=\"https:\/\/choraledesintrepides.ca\/wp-content\/uploads\/2024\/02\/IMG_8313.jpg\" class=\"el_masonry_gallery_item el_masonry_gallery_item_page_1\">\n\t\t\t\t\t\t\t<div class=\"el_masonry_gallery_image_wrapper\"><img width=\"640\" height=\"480\" src=\"https:\/\/choraledesintrepides.ca\/wp-content\/uploads\/2024\/02\/IMG_8313.jpg\" class=\"el_dynamic_masonry_gallery_module__image attachment-full size-full no-lazyload skip-lazy photos-party-de-noel-2023\" alt=\"\" data-categories=\"66\" decoding=\"async\" loading=\"lazy\" srcset=\"https:\/\/choraledesintrepides.ca\/wp-content\/uploads\/2024\/02\/IMG_8313.jpg 640w, https:\/\/choraledesintrepides.ca\/wp-content\/uploads\/2024\/02\/IMG_8313-480x360.jpg 480w\" sizes=\"(min-width: 0px) and (max-width: 480px) 480px, (min-width: 481px) 640px, 100vw\" \/> <\/div>\n\t\t\t\t\t\t\t\n\t\t\t\t\t\t<\/div><div data-mfp-src=\"https:\/\/choraledesintrepides.ca\/wp-content\/uploads\/2024\/02\/IMG_8312.jpg\" class=\"el_masonry_gallery_item el_masonry_gallery_item_page_1\">\n\t\t\t\t\t\t\t<div class=\"el_masonry_gallery_image_wrapper\"><img width=\"640\" height=\"480\" src=\"https:\/\/choraledesintrepides.ca\/wp-content\/uploads\/2024\/02\/IMG_8312.jpg\" class=\"el_dynamic_masonry_gallery_module__image attachment-full size-full no-lazyload skip-lazy photos-party-de-noel-2023\" alt=\"\" data-categories=\"66\" decoding=\"async\" loading=\"lazy\" srcset=\"https:\/\/choraledesintrepides.ca\/wp-content\/uploads\/2024\/02\/IMG_8312.jpg 640w, https:\/\/choraledesintrepides.ca\/wp-content\/uploads\/2024\/02\/IMG_8312-480x360.jpg 480w\" sizes=\"(min-width: 0px) and (max-width: 480px) 480px, (min-width: 481px) 640px, 100vw\" \/> <\/div>\n\t\t\t\t\t\t\t\n\t\t\t\t\t\t<\/div><div data-mfp-src=\"https:\/\/choraledesintrepides.ca\/wp-content\/uploads\/2024\/02\/IMG_8311.jpg\" class=\"el_masonry_gallery_item el_masonry_gallery_item_page_1\">\n\t\t\t\t\t\t\t<div class=\"el_masonry_gallery_image_wrapper\"><img width=\"640\" height=\"480\" src=\"https:\/\/choraledesintrepides.ca\/wp-content\/uploads\/2024\/02\/IMG_8311.jpg\" class=\"el_dynamic_masonry_gallery_module__image attachment-full size-full no-lazyload skip-lazy photos-party-de-noel-2023\" alt=\"\" data-categories=\"66\" decoding=\"async\" loading=\"lazy\" srcset=\"https:\/\/choraledesintrepides.ca\/wp-content\/uploads\/2024\/02\/IMG_8311.jpg 640w, https:\/\/choraledesintrepides.ca\/wp-content\/uploads\/2024\/02\/IMG_8311-480x360.jpg 480w\" sizes=\"(min-width: 0px) and (max-width: 480px) 480px, (min-width: 481px) 640px, 100vw\" \/> <\/div>\n\t\t\t\t\t\t\t\n\t\t\t\t\t\t<\/div><div data-mfp-src=\"https:\/\/choraledesintrepides.ca\/wp-content\/uploads\/2024\/02\/IMG_8310.jpg\" class=\"el_masonry_gallery_item el_masonry_gallery_item_page_1\">\n\t\t\t\t\t\t\t<div class=\"el_masonry_gallery_image_wrapper\"><img width=\"640\" height=\"480\" src=\"https:\/\/choraledesintrepides.ca\/wp-content\/uploads\/2024\/02\/IMG_8310.jpg\" class=\"el_dynamic_masonry_gallery_module__image attachment-full size-full no-lazyload skip-lazy photos-party-de-noel-2023\" alt=\"\" data-categories=\"66\" decoding=\"async\" loading=\"lazy\" srcset=\"https:\/\/choraledesintrepides.ca\/wp-content\/uploads\/2024\/02\/IMG_8310.jpg 640w, https:\/\/choraledesintrepides.ca\/wp-content\/uploads\/2024\/02\/IMG_8310-480x360.jpg 480w\" sizes=\"(min-width: 0px) and (max-width: 480px) 480px, (min-width: 481px) 640px, 100vw\" \/> <\/div>\n\t\t\t\t\t\t\t\n\t\t\t\t\t\t<\/div><div data-mfp-src=\"https:\/\/choraledesintrepides.ca\/wp-content\/uploads\/2024\/02\/IMG_8309.jpg\" class=\"el_masonry_gallery_item el_masonry_gallery_item_page_1\">\n\t\t\t\t\t\t\t<div class=\"el_masonry_gallery_image_wrapper\"><img width=\"640\" height=\"480\" src=\"https:\/\/choraledesintrepides.ca\/wp-content\/uploads\/2024\/02\/IMG_8309.jpg\" class=\"el_dynamic_masonry_gallery_module__image attachment-full size-full no-lazyload skip-lazy photos-party-de-noel-2023\" alt=\"\" data-categories=\"66\" decoding=\"async\" loading=\"lazy\" srcset=\"https:\/\/choraledesintrepides.ca\/wp-content\/uploads\/2024\/02\/IMG_8309.jpg 640w, https:\/\/choraledesintrepides.ca\/wp-content\/uploads\/2024\/02\/IMG_8309-480x360.jpg 480w\" sizes=\"(min-width: 0px) and (max-width: 480px) 480px, (min-width: 481px) 640px, 100vw\" \/> <\/div>\n\t\t\t\t\t\t\t\n\t\t\t\t\t\t<\/div><div data-mfp-src=\"https:\/\/choraledesintrepides.ca\/wp-content\/uploads\/2024\/02\/IMG_8307.jpg\" class=\"el_masonry_gallery_item el_masonry_gallery_item_page_1\">\n\t\t\t\t\t\t\t<div class=\"el_masonry_gallery_image_wrapper\"><img width=\"640\" height=\"480\" src=\"https:\/\/choraledesintrepides.ca\/wp-content\/uploads\/2024\/02\/IMG_8307.jpg\" class=\"el_dynamic_masonry_gallery_module__image attachment-full size-full no-lazyload skip-lazy photos-party-de-noel-2023\" alt=\"\" data-categories=\"66\" decoding=\"async\" loading=\"lazy\" srcset=\"https:\/\/choraledesintrepides.ca\/wp-content\/uploads\/2024\/02\/IMG_8307.jpg 640w, https:\/\/choraledesintrepides.ca\/wp-content\/uploads\/2024\/02\/IMG_8307-480x360.jpg 480w\" sizes=\"(min-width: 0px) and (max-width: 480px) 480px, (min-width: 481px) 640px, 100vw\" \/> <\/div>\n\t\t\t\t\t\t\t\n\t\t\t\t\t\t<\/div><div data-mfp-src=\"https:\/\/choraledesintrepides.ca\/wp-content\/uploads\/2024\/02\/IMG_8306.jpg\" class=\"el_masonry_gallery_item el_masonry_gallery_item_page_1\">\n\t\t\t\t\t\t\t<div class=\"el_masonry_gallery_image_wrapper\"><img width=\"640\" height=\"480\" src=\"https:\/\/choraledesintrepides.ca\/wp-content\/uploads\/2024\/02\/IMG_8306.jpg\" class=\"el_dynamic_masonry_gallery_module__image attachment-full size-full no-lazyload skip-lazy photos-party-de-noel-2023\" alt=\"\" data-categories=\"66\" decoding=\"async\" loading=\"lazy\" srcset=\"https:\/\/choraledesintrepides.ca\/wp-content\/uploads\/2024\/02\/IMG_8306.jpg 640w, https:\/\/choraledesintrepides.ca\/wp-content\/uploads\/2024\/02\/IMG_8306-480x360.jpg 480w\" sizes=\"(min-width: 0px) and (max-width: 480px) 480px, (min-width: 481px) 640px, 100vw\" \/> <\/div>\n\t\t\t\t\t\t\t\n\t\t\t\t\t\t<\/div><div data-mfp-src=\"https:\/\/choraledesintrepides.ca\/wp-content\/uploads\/2024\/02\/IMG_8305.jpg\" class=\"el_masonry_gallery_item el_masonry_gallery_item_page_1\">\n\t\t\t\t\t\t\t<div class=\"el_masonry_gallery_image_wrapper\"><img width=\"640\" height=\"480\" src=\"https:\/\/choraledesintrepides.ca\/wp-content\/uploads\/2024\/02\/IMG_8305.jpg\" class=\"el_dynamic_masonry_gallery_module__image attachment-full size-full no-lazyload skip-lazy photos-party-de-noel-2023\" alt=\"\" data-categories=\"66\" decoding=\"async\" loading=\"lazy\" srcset=\"https:\/\/choraledesintrepides.ca\/wp-content\/uploads\/2024\/02\/IMG_8305.jpg 640w, https:\/\/choraledesintrepides.ca\/wp-content\/uploads\/2024\/02\/IMG_8305-480x360.jpg 480w\" sizes=\"(min-width: 0px) and (max-width: 480px) 480px, (min-width: 481px) 640px, 100vw\" \/> <\/div>\n\t\t\t\t\t\t\t\n\t\t\t\t\t\t<\/div><div data-mfp-src=\"https:\/\/choraledesintrepides.ca\/wp-content\/uploads\/2024\/02\/IMG_8304.jpg\" class=\"el_masonry_gallery_item el_masonry_gallery_item_page_1\">\n\t\t\t\t\t\t\t<div class=\"el_masonry_gallery_image_wrapper\"><img width=\"640\" height=\"480\" src=\"https:\/\/choraledesintrepides.ca\/wp-content\/uploads\/2024\/02\/IMG_8304.jpg\" class=\"el_dynamic_masonry_gallery_module__image attachment-full size-full no-lazyload skip-lazy photos-party-de-noel-2023\" alt=\"\" data-categories=\"66\" decoding=\"async\" loading=\"lazy\" srcset=\"https:\/\/choraledesintrepides.ca\/wp-content\/uploads\/2024\/02\/IMG_8304.jpg 640w, https:\/\/choraledesintrepides.ca\/wp-content\/uploads\/2024\/02\/IMG_8304-480x360.jpg 480w\" sizes=\"(min-width: 0px) and (max-width: 480px) 480px, (min-width: 481px) 640px, 100vw\" \/> <\/div>\n\t\t\t\t\t\t\t\n\t\t\t\t\t\t<\/div><div data-mfp-src=\"https:\/\/choraledesintrepides.ca\/wp-content\/uploads\/2024\/02\/IMG_8303-rotated.jpg\" class=\"el_masonry_gallery_item el_masonry_gallery_item_page_1\">\n\t\t\t\t\t\t\t<div class=\"el_masonry_gallery_image_wrapper\"><img width=\"480\" height=\"640\" src=\"https:\/\/choraledesintrepides.ca\/wp-content\/uploads\/2024\/02\/IMG_8303-rotated.jpg\" class=\"el_dynamic_masonry_gallery_module__image attachment-full size-full no-lazyload skip-lazy photos-party-de-noel-2023\" alt=\"\" data-categories=\"66\" decoding=\"async\" loading=\"lazy\" srcset=\"https:\/\/choraledesintrepides.ca\/wp-content\/uploads\/2024\/02\/IMG_8303-rotated.jpg 480w, https:\/\/choraledesintrepides.ca\/wp-content\/uploads\/2024\/02\/IMG_8303-225x300.jpg 225w\" sizes=\"(max-width: 480px) 100vw, 480px\" \/> <\/div>\n\t\t\t\t\t\t\t\n\t\t\t\t\t\t<\/div><div data-mfp-src=\"https:\/\/choraledesintrepides.ca\/wp-content\/uploads\/2024\/02\/IMG_8302.jpg\" class=\"el_masonry_gallery_item el_masonry_gallery_item_page_1\">\n\t\t\t\t\t\t\t<div class=\"el_masonry_gallery_image_wrapper\"><img width=\"640\" height=\"480\" src=\"https:\/\/choraledesintrepides.ca\/wp-content\/uploads\/2024\/02\/IMG_8302.jpg\" class=\"el_dynamic_masonry_gallery_module__image attachment-full size-full no-lazyload skip-lazy photos-party-de-noel-2023\" alt=\"\" data-categories=\"66\" decoding=\"async\" loading=\"lazy\" srcset=\"https:\/\/choraledesintrepides.ca\/wp-content\/uploads\/2024\/02\/IMG_8302.jpg 640w, https:\/\/choraledesintrepides.ca\/wp-content\/uploads\/2024\/02\/IMG_8302-480x360.jpg 480w\" sizes=\"(min-width: 0px) and (max-width: 480px) 480px, (min-width: 481px) 640px, 100vw\" \/> <\/div>\n\t\t\t\t\t\t\t\n\t\t\t\t\t\t<\/div><div data-mfp-src=\"https:\/\/choraledesintrepides.ca\/wp-content\/uploads\/2024\/02\/IMG_8301.jpg\" class=\"el_masonry_gallery_item el_masonry_gallery_item_page_1\">\n\t\t\t\t\t\t\t<div class=\"el_masonry_gallery_image_wrapper\"><img width=\"640\" height=\"480\" src=\"https:\/\/choraledesintrepides.ca\/wp-content\/uploads\/2024\/02\/IMG_8301.jpg\" class=\"el_dynamic_masonry_gallery_module__image attachment-full size-full no-lazyload skip-lazy photos-party-de-noel-2023\" alt=\"\" data-categories=\"66\" decoding=\"async\" loading=\"lazy\" srcset=\"https:\/\/choraledesintrepides.ca\/wp-content\/uploads\/2024\/02\/IMG_8301.jpg 640w, https:\/\/choraledesintrepides.ca\/wp-content\/uploads\/2024\/02\/IMG_8301-480x360.jpg 480w\" sizes=\"(min-width: 0px) and (max-width: 480px) 480px, (min-width: 481px) 640px, 100vw\" \/> <\/div>\n\t\t\t\t\t\t\t\n\t\t\t\t\t\t<\/div><div data-mfp-src=\"https:\/\/choraledesintrepides.ca\/wp-content\/uploads\/2024\/02\/IMG_8300.jpg\" class=\"el_masonry_gallery_item el_masonry_gallery_item_page_1\">\n\t\t\t\t\t\t\t<div class=\"el_masonry_gallery_image_wrapper\"><img width=\"640\" height=\"480\" src=\"https:\/\/choraledesintrepides.ca\/wp-content\/uploads\/2024\/02\/IMG_8300.jpg\" class=\"el_dynamic_masonry_gallery_module__image attachment-full size-full no-lazyload skip-lazy photos-party-de-noel-2023\" alt=\"\" data-categories=\"66\" decoding=\"async\" loading=\"lazy\" srcset=\"https:\/\/choraledesintrepides.ca\/wp-content\/uploads\/2024\/02\/IMG_8300.jpg 640w, https:\/\/choraledesintrepides.ca\/wp-content\/uploads\/2024\/02\/IMG_8300-480x360.jpg 480w\" sizes=\"(min-width: 0px) and (max-width: 480px) 480px, (min-width: 481px) 640px, 100vw\" \/> <\/div>\n\t\t\t\t\t\t\t\n\t\t\t\t\t\t<\/div><div data-mfp-src=\"https:\/\/choraledesintrepides.ca\/wp-content\/uploads\/2024\/02\/IMG_8299.jpg\" class=\"el_masonry_gallery_item el_masonry_gallery_item_page_1\">\n\t\t\t\t\t\t\t<div class=\"el_masonry_gallery_image_wrapper\"><img width=\"640\" height=\"480\" src=\"https:\/\/choraledesintrepides.ca\/wp-content\/uploads\/2024\/02\/IMG_8299.jpg\" class=\"el_dynamic_masonry_gallery_module__image attachment-full size-full no-lazyload skip-lazy photos-party-de-noel-2023\" alt=\"\" data-categories=\"66\" decoding=\"async\" loading=\"lazy\" srcset=\"https:\/\/choraledesintrepides.ca\/wp-content\/uploads\/2024\/02\/IMG_8299.jpg 640w, https:\/\/choraledesintrepides.ca\/wp-content\/uploads\/2024\/02\/IMG_8299-480x360.jpg 480w\" sizes=\"(min-width: 0px) and (max-width: 480px) 480px, (min-width: 481px) 640px, 100vw\" \/> <\/div>\n\t\t\t\t\t\t\t\n\t\t\t\t\t\t<\/div><div data-mfp-src=\"https:\/\/choraledesintrepides.ca\/wp-content\/uploads\/2024\/02\/IMG_8298.jpg\" class=\"el_masonry_gallery_item el_masonry_gallery_item_page_1\">\n\t\t\t\t\t\t\t<div class=\"el_masonry_gallery_image_wrapper\"><img width=\"640\" height=\"480\" src=\"https:\/\/choraledesintrepides.ca\/wp-content\/uploads\/2024\/02\/IMG_8298.jpg\" class=\"el_dynamic_masonry_gallery_module__image attachment-full size-full no-lazyload skip-lazy photos-party-de-noel-2023\" alt=\"\" data-categories=\"66\" decoding=\"async\" loading=\"lazy\" srcset=\"https:\/\/choraledesintrepides.ca\/wp-content\/uploads\/2024\/02\/IMG_8298.jpg 640w, https:\/\/choraledesintrepides.ca\/wp-content\/uploads\/2024\/02\/IMG_8298-480x360.jpg 480w\" sizes=\"(min-width: 0px) and (max-width: 480px) 480px, (min-width: 481px) 640px, 100vw\" \/> <\/div>\n\t\t\t\t\t\t\t\n\t\t\t\t\t\t<\/div><div data-mfp-src=\"https:\/\/choraledesintrepides.ca\/wp-content\/uploads\/2024\/02\/IMG_8297.jpg\" class=\"el_masonry_gallery_item el_masonry_gallery_item_page_1\">\n\t\t\t\t\t\t\t<div class=\"el_masonry_gallery_image_wrapper\"><img width=\"640\" height=\"480\" src=\"https:\/\/choraledesintrepides.ca\/wp-content\/uploads\/2024\/02\/IMG_8297.jpg\" class=\"el_dynamic_masonry_gallery_module__image attachment-full size-full no-lazyload skip-lazy photos-party-de-noel-2023\" alt=\"\" data-categories=\"66\" decoding=\"async\" loading=\"lazy\" srcset=\"https:\/\/choraledesintrepides.ca\/wp-content\/uploads\/2024\/02\/IMG_8297.jpg 640w, https:\/\/choraledesintrepides.ca\/wp-content\/uploads\/2024\/02\/IMG_8297-480x360.jpg 480w\" sizes=\"(min-width: 0px) and (max-width: 480px) 480px, (min-width: 481px) 640px, 100vw\" \/> <\/div>\n\t\t\t\t\t\t\t\n\t\t\t\t\t\t<\/div><div data-mfp-src=\"https:\/\/choraledesintrepides.ca\/wp-content\/uploads\/2024\/02\/IMG_8296.jpg\" class=\"el_masonry_gallery_item el_masonry_gallery_item_page_1\">\n\t\t\t\t\t\t\t<div class=\"el_masonry_gallery_image_wrapper\"><img width=\"640\" height=\"480\" src=\"https:\/\/choraledesintrepides.ca\/wp-content\/uploads\/2024\/02\/IMG_8296.jpg\" class=\"el_dynamic_masonry_gallery_module__image attachment-full size-full no-lazyload skip-lazy photos-party-de-noel-2023\" alt=\"\" data-categories=\"66\" decoding=\"async\" loading=\"lazy\" srcset=\"https:\/\/choraledesintrepides.ca\/wp-content\/uploads\/2024\/02\/IMG_8296.jpg 640w, https:\/\/choraledesintrepides.ca\/wp-content\/uploads\/2024\/02\/IMG_8296-480x360.jpg 480w\" sizes=\"(min-width: 0px) and (max-width: 480px) 480px, (min-width: 481px) 640px, 100vw\" \/> <\/div>\n\t\t\t\t\t\t\t\n\t\t\t\t\t\t<\/div><div data-mfp-src=\"https:\/\/choraledesintrepides.ca\/wp-content\/uploads\/2023\/05\/Lily-Helene.jpg\" class=\"el_masonry_gallery_item el_masonry_gallery_item_page_1\">\n\t\t\t\t\t\t\t<div class=\"el_masonry_gallery_image_wrapper\"><img width=\"750\" height=\"563\" src=\"https:\/\/choraledesintrepides.ca\/wp-content\/uploads\/2023\/05\/Lily-Helene.jpg\" class=\"el_dynamic_masonry_gallery_module__image attachment-full size-full no-lazyload skip-lazy concert-printanier-anniversaire-23-avril-2023\" alt=\"\" data-categories=\"65\" decoding=\"async\" loading=\"lazy\" srcset=\"https:\/\/choraledesintrepides.ca\/wp-content\/uploads\/2023\/05\/Lily-Helene.jpg 750w, https:\/\/choraledesintrepides.ca\/wp-content\/uploads\/2023\/05\/Lily-Helene-480x360.jpg 480w\" sizes=\"(min-width: 0px) and (max-width: 480px) 480px, (min-width: 481px) 750px, 100vw\" \/> <\/div>\n\t\t\t\t\t\t\t\n\t\t\t\t\t\t<\/div><div data-mfp-src=\"https:\/\/choraledesintrepides.ca\/wp-content\/uploads\/2023\/05\/Lily-Helene-Veronique.jpg\" class=\"el_masonry_gallery_item el_masonry_gallery_item_page_1\">\n\t\t\t\t\t\t\t<div class=\"el_masonry_gallery_image_wrapper\"><img width=\"750\" height=\"563\" src=\"https:\/\/choraledesintrepides.ca\/wp-content\/uploads\/2023\/05\/Lily-Helene-Veronique.jpg\" class=\"el_dynamic_masonry_gallery_module__image attachment-full size-full no-lazyload skip-lazy concert-printanier-anniversaire-23-avril-2023\" alt=\"\" data-categories=\"65\" decoding=\"async\" loading=\"lazy\" srcset=\"https:\/\/choraledesintrepides.ca\/wp-content\/uploads\/2023\/05\/Lily-Helene-Veronique.jpg 750w, https:\/\/choraledesintrepides.ca\/wp-content\/uploads\/2023\/05\/Lily-Helene-Veronique-480x360.jpg 480w\" sizes=\"(min-width: 0px) and (max-width: 480px) 480px, (min-width: 481px) 750px, 100vw\" \/> <\/div>\n\t\t\t\t\t\t\t\n\t\t\t\t\t\t<\/div>\n\t\t\t\t\t<\/div>\n\t\t\t\t\t <input type=\"hidden\" class=\"dge-dynamic-masonry-gallery-nonce\" value=\"0e07917dc0\">\n\t\t\t\t<\/div>\n\t\t\t\t<\/div>\n\t\t\t<\/div><\/p>\n","protected":false},"author":1,"featured_media":0,"parent":0,"menu_order":0,"comment_status":"closed","ping_status":"closed","template":"","meta":{"_acf_changed":false,"_et_pb_use_builder":"on","_et_pb_old_content":"","_et_gb_content_width":"","footnotes":""},"class_list":["post-25778","page","type-page","status-publish","hentry"],"acf":[],"_links":{"self":[{"href":"https:\/\/choraledesintrepides.ca\/en\/wp-json\/wp\/v2\/pages\/25778","targetHints":{"allow":["GET"]}}],"collection":[{"href":"https:\/\/choraledesintrepides.ca\/en\/wp-json\/wp\/v2\/pages"}],"about":[{"href":"https:\/\/choraledesintrepides.ca\/en\/wp-json\/wp\/v2\/types\/page"}],"author":[{"embeddable":true,"href":"https:\/\/choraledesintrepides.ca\/en\/wp-json\/wp\/v2\/users\/1"}],"replies":[{"embeddable":true,"href":"https:\/\/choraledesintrepides.ca\/en\/wp-json\/wp\/v2\/comments?post=25778"}],"version-history":[{"count":0,"href":"https:\/\/choraledesintrepides.ca\/en\/wp-json\/wp\/v2\/pages\/25778\/revisions"}],"wp:attachment":[{"href":"https:\/\/choraledesintrepides.ca\/en\/wp-json\/wp\/v2\/media?parent=25778"}],"curies":[{"name":"wp","href":"https:\/\/api.w.org\/{rel}","templated":true}]}}